{"id":1513,"date":"2024-05-10T09:51:26","date_gmt":"2024-05-10T07:51:26","guid":{"rendered":"https:\/\/www.nordicarena-toblach.it\/sci-di-fondo\/"},"modified":"2025-11-27T11:21:01","modified_gmt":"2025-11-27T10:21:01","slug":"sci-di-fondo","status":"publish","type":"page","link":"https:\/\/www.nordicarena-toblach.it\/it\/sci-di-fondo\/","title":{"rendered":"Sci di fondo"},"content":{"rendered":"\t\t<div data-elementor-type=\"wp-page\" data-elementor-id=\"1513\" class=\"elementor elementor-1513\">\n\t\t\t\t<div class=\"elementor-element elementor-element-1bb6d42d e-con-full e-flex e-con e-parent\" data-id=\"1bb6d42d\" data-element_type=\"container\" data-e-type=\"container\" data-settings=\"{&quot;background_background&quot;:&quot;classic&quot;}\">\n\t\t\t\t<\/div>\n\t\t<div class=\"elementor-element elementor-element-16777dbd e-flex e-con-boxed e-con e-parent\" data-id=\"16777dbd\" data-element_type=\"container\" data-e-type=\"container\">\n\t\t\t\t\t<div class=\"e-con-inner\">\n\t\t\t\t<div class=\"elementor-element elementor-element-25661be0 elementor-mobile-align-left elementor-align-left elementor-widget elementor-widget-raven-heading\" data-id=\"25661be0\" data-element_type=\"widget\" data-e-type=\"widget\" data-widget_type=\"raven-heading.default\">\n\t\t\t\t<div class=\"elementor-widget-container\">\n\t\t\t\t\t\t\t<div class=\"raven-widget-wrapper\"><h2 class=\"raven-heading raven-heading-h2\"><span class=\"raven-heading-title \">Sci di fondo alla  Nordic Arena<\/span><\/h2><\/div>\n\t\t\t\t\t\t<\/div>\n\t\t\t\t<\/div>\n\t\t\t\t\t<\/div>\n\t\t\t\t<\/div>\n\t\t<div class=\"elementor-element elementor-element-7561f638 e-flex e-con-boxed e-con e-parent\" data-id=\"7561f638\" data-element_type=\"container\" data-e-type=\"container\">\n\t\t\t\t\t<div class=\"e-con-inner\">\n\t\t<div class=\"elementor-element elementor-element-337b853e e-con-full e-flex e-con e-child\" data-id=\"337b853e\" data-element_type=\"container\" data-e-type=\"container\">\n\t\t\t\t<div class=\"elementor-element elementor-element-6be59e7d elementor-widget elementor-widget-text-editor\" data-id=\"6be59e7d\" data-element_type=\"widget\" data-e-type=\"widget\" data-widget_type=\"text-editor.default\">\n\t\t\t\t<div class=\"elementor-widget-container\">\n\t\t\t\t\t\t\t\t\t<p><strong>Sci di fondo a Dobbiaco: un\u2019eccellenza<\/strong><br \/>Dedicarsi allo sci di fondo nelle Dolomiti \u00e8 un piacere imperdibile, anche perch\u00e9 si pu\u00f2 contare su un\u00a0<strong>servizio professionale<\/strong>\u00a0e competente in ogni ambito. Dalla\u00a0<strong>preparazione impeccabile delle piste<\/strong>, alcune anche\u00a0<strong>illuminate di sera<\/strong>, agli\u00a0<strong>eventi\u00a0<\/strong>anche internazionali, dalle\u00a0<strong>scuole sci<\/strong>\u00a0ai\u00a0<strong>punti noleggio<\/strong>, lo sci di fondo a Dobbiaco con i suoi\u00a0<strong>120 chilometri di piste e anelli<\/strong> di varie difficolt\u00e0 \u00e8 una garanzia. Dovete solo godervi quest\u2019esperienza e, magari, sognare traguardi pi\u00f9 ambiziosi, come le maratone.<\/p><p><strong>Nordic Arena \u2013 Stadio dello sci di fondo a Dobbiaco<\/strong><\/p><ul><li>Piste omologate FIS<\/li><li>Punto di partenza dei tracciati di fondo e dotato di piste perfette per principianti<\/li><li>Spettacolare la pista sul tetto dello stadio<\/li><\/ul>\t\t\t\t\t\t\t\t<\/div>\n\t\t\t\t<\/div>\n\t\t\t\t<\/div>\n\t\t<div class=\"elementor-element elementor-element-1985880f e-con-full e-flex e-con e-child\" data-id=\"1985880f\" data-element_type=\"container\" data-e-type=\"container\">\n\t\t\t\t<div class=\"elementor-element elementor-element-5a5186ec elementor-widget elementor-widget-raven-image\" data-id=\"5a5186ec\" data-element_type=\"widget\" data-e-type=\"widget\" data-widget_type=\"raven-image.default\">\n\t\t\t\t<div class=\"elementor-widget-container\">\n\t\t\t\t\t\t\t<div class=\"raven-image\">\n\t\t\n\t\t\t\t\t\t<a href=\"https:\/\/www.nordicarena-toblach.it\/wp-content\/uploads\/nordicarena-toblach-dobbiaco-langlaufen-sci-fondo-cross-country-skiing-s1.jpg\" class=\"elementor-clickable\" data-elementor-open-lightbox=\"yes\">\n\t\t\n\t\t<img fetchpriority=\"high\" decoding=\"async\" width=\"1000\" height=\"667\" src=\"https:\/\/www.nordicarena-toblach.it\/wp-content\/uploads\/nordicarena-toblach-dobbiaco-langlaufen-sci-fondo-cross-country-skiing-s1.jpg\" class=\"attachment-full size-full wp-image-1188\" alt=\"Nordic Arena Dobbiaco Sci di fondo\" srcset=\"https:\/\/www.nordicarena-toblach.it\/wp-content\/uploads\/nordicarena-toblach-dobbiaco-langlaufen-sci-fondo-cross-country-skiing-s1.jpg 1000w, https:\/\/www.nordicarena-toblach.it\/wp-content\/uploads\/nordicarena-toblach-dobbiaco-langlaufen-sci-fondo-cross-country-skiing-s1-150x100.jpg 150w, https:\/\/www.nordicarena-toblach.it\/wp-content\/uploads\/nordicarena-toblach-dobbiaco-langlaufen-sci-fondo-cross-country-skiing-s1-768x512.jpg 768w\" sizes=\"(max-width: 1000px) 100vw, 1000px\" \/>\t\t\t<\/a>\n\t\t\t\t\t<\/div>\n\t\t\t\t\t\t<\/div>\n\t\t\t\t<\/div>\n\t\t\t\t<div class=\"elementor-element elementor-element-22512e3 elementor-widget elementor-widget-raven-image\" data-id=\"22512e3\" data-element_type=\"widget\" data-e-type=\"widget\" data-widget_type=\"raven-image.default\">\n\t\t\t\t<div class=\"elementor-widget-container\">\n\t\t\t\t\t\t\t<div class=\"raven-image\">\n\t\t\n\t\t\t\t\t\t<a href=\"https:\/\/www.nordicarena-toblach.it\/wp-content\/uploads\/nordicarena-toblach-dobbiaco-langlaufen-sci-fondo-cross-country-skiing-s2.jpg\" class=\"elementor-clickable\" data-elementor-open-lightbox=\"yes\">\n\t\t\n\t\t<img decoding=\"async\" width=\"1000\" height=\"667\" src=\"https:\/\/www.nordicarena-toblach.it\/wp-content\/uploads\/nordicarena-toblach-dobbiaco-langlaufen-sci-fondo-cross-country-skiing-s2.jpg\" class=\"attachment-full size-full wp-image-1185\" alt=\"Nordic Arena Dobbiaco Sci di fondo\" srcset=\"https:\/\/www.nordicarena-toblach.it\/wp-content\/uploads\/nordicarena-toblach-dobbiaco-langlaufen-sci-fondo-cross-country-skiing-s2.jpg 1000w, https:\/\/www.nordicarena-toblach.it\/wp-content\/uploads\/nordicarena-toblach-dobbiaco-langlaufen-sci-fondo-cross-country-skiing-s2-150x100.jpg 150w, https:\/\/www.nordicarena-toblach.it\/wp-content\/uploads\/nordicarena-toblach-dobbiaco-langlaufen-sci-fondo-cross-country-skiing-s2-768x512.jpg 768w\" sizes=\"(max-width: 1000px) 100vw, 1000px\" \/>\t\t\t<\/a>\n\t\t\t\t\t<\/div>\n\t\t\t\t\t\t<\/div>\n\t\t\t\t<\/div>\n\t\t\t\t<\/div>\n\t\t\t\t\t<\/div>\n\t\t\t\t<\/div>\n\t\t<div class=\"elementor-element elementor-element-1948aac e-flex e-con-boxed elementor-invisible e-con e-parent\" data-id=\"1948aac\" data-element_type=\"container\" data-e-type=\"container\" data-settings=\"{&quot;animation&quot;:&quot;fadeInRight&quot;}\">\n\t\t\t\t\t<div class=\"e-con-inner\">\n\t\t<div class=\"elementor-element elementor-element-70db926 e-con-full e-flex e-con e-child\" data-id=\"70db926\" data-element_type=\"container\" data-e-type=\"container\" data-settings=\"{&quot;background_background&quot;:&quot;classic&quot;}\">\n\t\t\t\t<div class=\"elementor-element elementor-element-1880ae5 elementor-align-left elementor-widget elementor-widget-raven-heading\" data-id=\"1880ae5\" data-element_type=\"widget\" data-e-type=\"widget\" data-widget_type=\"raven-heading.default\">\n\t\t\t\t<div class=\"elementor-widget-container\">\n\t\t\t\t\t\t\t<div class=\"raven-widget-wrapper\"><h2 class=\"raven-heading raven-heading-h2\"><span class=\"raven-heading-title \">Info<\/span><\/h2><\/div>\n\t\t\t\t\t\t<\/div>\n\t\t\t\t<\/div>\n\t\t\t\t<div class=\"elementor-element elementor-element-b9c09f9 elementor-widget elementor-widget-text-editor\" data-id=\"b9c09f9\" data-element_type=\"widget\" data-e-type=\"widget\" data-widget_type=\"text-editor.default\">\n\t\t\t\t<div class=\"elementor-widget-container\">\n\t\t\t\t\t\t\t\t\t<p><b>Info Piste e Tickets<\/b><\/p><p>&gt; <a href=\"https:\/\/maps.dreizinnen.com\/v2\/it\/gdi_winter\/2d\/-1\/default\/12.270451148328975\/46.683306800042146\/12.164316040656644\/-1\/-1\/\" target=\"_blank\" rel=\"noopener\">Piantina delle piste<\/a><\/p><p>&gt; <a href=\"https:\/\/maps.dreizinnen.com\/v2\/it\/gdi_winter\/2d\/-1\/default\/12.270451148328975\/46.683306800042146\/12.164316040656644\/-1\/-1\/\" target=\"_blank\" rel=\"noopener\">Piste da fondo aperte<\/a><\/p><p>&gt; <a href=\"https:\/\/www.dreizinnen.com\/it\/attivita\/sci-di-fondo\/Biglietteria\/Biglietteria%20Dobbiaco\" target=\"_blank\" rel=\"noopener\">Pedaggio piste da fondo<\/a><\/p><p><strong>Noleggio Taschler Sports &amp; Rental<\/strong><br \/>Noleggio di attrezzature per lo sci di fondo e racchette da neve direttamente nella Nordic Arena<br \/><a href=\"tel:+393475944167\">+39 347 5944167<\/a><br \/><a href=\"mailto:info@taschler-sports.it\">info@taschler-sports.it<\/a><br \/><a href=\"http:\/\/www.taschler-sports.it\" target=\"_blank\" rel=\"noopener\">www.taschler-sports.it<\/a><\/p>\t\t\t\t\t\t\t\t<\/div>\n\t\t\t\t<\/div>\n\t\t\t\t<div class=\"elementor-element elementor-element-e97278a elementor-widget elementor-widget-image\" data-id=\"e97278a\" data-element_type=\"widget\" data-e-type=\"widget\" data-widget_type=\"image.default\">\n\t\t\t\t<div class=\"elementor-widget-container\">\n\t\t\t\t\t\t\t\t\t\t\t\t\t\t\t<img decoding=\"async\" width=\"510\" height=\"399\" src=\"https:\/\/www.nordicarena-toblach.it\/wp-content\/uploads\/taschler-sports-rental.jpg\" class=\"attachment-large size-large wp-image-1189\" alt=\"\" srcset=\"https:\/\/www.nordicarena-toblach.it\/wp-content\/uploads\/taschler-sports-rental.jpg 510w, https:\/\/www.nordicarena-toblach.it\/wp-content\/uploads\/taschler-sports-rental-150x117.jpg 150w\" sizes=\"(max-width: 510px) 100vw, 510px\" \/>\t\t\t\t\t\t\t\t\t\t\t\t\t\t\t<\/div>\n\t\t\t\t<\/div>\n\t\t\t\t<\/div>\n\t\t<div class=\"elementor-element elementor-element-bac145d e-con-full e-flex e-con e-child\" data-id=\"bac145d\" data-element_type=\"container\" data-e-type=\"container\" data-settings=\"{&quot;background_background&quot;:&quot;classic&quot;}\">\n\t\t\t\t<div class=\"elementor-element elementor-element-12798f9 elementor-widget elementor-widget-text-editor\" data-id=\"12798f9\" data-element_type=\"widget\" data-e-type=\"widget\" data-widget_type=\"text-editor.default\">\n\t\t\t\t<div class=\"elementor-widget-container\">\n\t\t\t\t\t\t\t\t\t<p><strong>Scuola Sci fondo Snowsports 3 Zinnen<br \/><\/strong><a href=\"tel:+393791202087\">+39 379 1202087<\/a><br \/><a href=\"mailto:info@snowsports3zinnen.com\">info@snowsports3zinnen.com<\/a><br \/><a class=\"external-link-new-window\" href=\"https:\/\/www.snowsports3zinnen.com\/\" target=\"_blank\" rel=\"noopener\">www.snowsports3zinnen.com<\/a><\/p>\t\t\t\t\t\t\t\t<\/div>\n\t\t\t\t<\/div>\n\t\t\t\t<div class=\"elementor-element elementor-element-d1064f2 elementor-widget elementor-widget-image\" data-id=\"d1064f2\" data-element_type=\"widget\" data-e-type=\"widget\" data-widget_type=\"image.default\">\n\t\t\t\t<div class=\"elementor-widget-container\">\n\t\t\t\t\t\t\t\t\t\t\t\t\t\t\t<img decoding=\"async\" src=\"https:\/\/www.nordicarena-toblach.it\/wp-content\/uploads\/snowsports-3zinnen-logo.svg\" class=\"attachment-large size-large wp-image-1465\" alt=\"\" \/>\t\t\t\t\t\t\t\t\t\t\t\t\t\t\t<\/div>\n\t\t\t\t<\/div>\n\t\t\t\t<\/div>\n\t\t\t\t\t<\/div>\n\t\t\t\t<\/div>\n\t\t<div class=\"elementor-element elementor-element-567b6e49 e-flex e-con-boxed e-con e-parent\" data-id=\"567b6e49\" data-element_type=\"container\" data-e-type=\"container\">\n\t\t\t\t\t<div class=\"e-con-inner\">\n\t\t<div class=\"elementor-element elementor-element-23b27671 e-con-full e-flex e-con e-child\" data-id=\"23b27671\" data-element_type=\"container\" data-e-type=\"container\">\n\t\t\t\t<div class=\"elementor-element elementor-element-94d64b2 elementor-widget elementor-widget-raven-image\" data-id=\"94d64b2\" data-element_type=\"widget\" data-e-type=\"widget\" data-widget_type=\"raven-image.default\">\n\t\t\t\t<div class=\"elementor-widget-container\">\n\t\t\t\t\t\t\t<div class=\"raven-image\">\n\t\t\n\t\t\n\t\t<img loading=\"lazy\" decoding=\"async\" width=\"675\" height=\"456\" src=\"https:\/\/www.nordicarena-toblach.it\/wp-content\/uploads\/tour-de-ski-toblach-dobbiaco.jpg\" class=\"attachment-full size-full wp-image-1197\" alt=\"Nordic Arena Dobbiaco Tour de Ski\" srcset=\"https:\/\/www.nordicarena-toblach.it\/wp-content\/uploads\/tour-de-ski-toblach-dobbiaco.jpg 675w, https:\/\/www.nordicarena-toblach.it\/wp-content\/uploads\/tour-de-ski-toblach-dobbiaco-150x101.jpg 150w\" sizes=\"(max-width: 675px) 100vw, 675px\" \/>\t\t<\/div>\n\t\t\t\t\t\t<\/div>\n\t\t\t\t<\/div>\n\t\t\t\t<\/div>\n\t\t<div class=\"elementor-element elementor-element-1528cc53 e-con-full e-flex e-con e-child\" data-id=\"1528cc53\" data-element_type=\"container\" data-e-type=\"container\">\n\t\t\t\t<div class=\"elementor-element elementor-element-5603c756 elementor-mobile-align-left elementor-align-left elementor-widget elementor-widget-raven-heading\" data-id=\"5603c756\" data-element_type=\"widget\" data-e-type=\"widget\" data-widget_type=\"raven-heading.default\">\n\t\t\t\t<div class=\"elementor-widget-container\">\n\t\t\t\t\t\t\t<div class=\"raven-widget-wrapper\"><h2 class=\"raven-heading raven-heading-h2\"><span class=\"raven-heading-title \">Gare<\/span><\/h2><\/div>\n\t\t\t\t\t\t<\/div>\n\t\t\t\t<\/div>\n\t\t\t\t<div class=\"elementor-element elementor-element-462122ae elementor-widget elementor-widget-text-editor\" data-id=\"462122ae\" data-element_type=\"widget\" data-e-type=\"widget\" data-widget_type=\"text-editor.default\">\n\t\t\t\t<div class=\"elementor-widget-container\">\n\t\t\t\t\t\t\t\t\t<p>Da non perdere il <a href=\"http:\/\/www.worldcup-dobbiaco.it\/it\" target=\"_blank\" rel=\"noopener\">Tour de Ski<\/a>, gara internazionale annuale, in occasione della quale Dobbiaco ha ricevuto il premio per l\u2019ospitalit\u00e0. E poi la maratona avvincente <a href=\"https:\/\/www.ski-marathon.com\/it\/\" target=\"_blank\" rel=\"noopener\">3 Zinnen Ski-Marathon<\/a>\u00a0e la mitica\u00a0<a title=\"Gran Fondo Dobbiaco-Cortina\" href=\"https:\/\/www.dobbiacocortina.org\/it\/\" target=\"_blank\" rel=\"noopener\">Granfondo Dobbiaco-Cortina<\/a>.<\/p>\t\t\t\t\t\t\t\t<\/div>\n\t\t\t\t<\/div>\n\t\t\t\t<\/div>\n\t\t\t\t\t<\/div>\n\t\t\t\t<\/div>\n\t\t\t\t<\/div>\n\t\t","protected":false},"excerpt":{"rendered":"<p>Sci di fondo alla Nordic Arena Sci di fondo a Dobbiaco: un\u2019eccellenzaDedicarsi allo sci di fondo nelle Dolomiti \u00e8 un piacere imperdibile, anche perch\u00e9 si pu\u00f2 contare su un\u00a0servizio professionale\u00a0e competente in ogni ambito. Dalla\u00a0preparazione impeccabile delle piste, alcune anche\u00a0illuminate di sera, agli\u00a0eventi\u00a0anche internazionali, dalle\u00a0scuole sci\u00a0ai\u00a0punti noleggio, lo sci di fondo a Dobbiaco con i [&hellip;]<\/p>\n","protected":false},"author":1,"featured_media":0,"parent":0,"menu_order":0,"comment_status":"closed","ping_status":"closed","template":"elementor_header_footer","meta":{"_acf_changed":false,"footnotes":""},"class_list":["post-1513","page","type-page","status-publish","hentry"],"acf":[],"yoast_head":"<!-- This site is optimized with the Yoast SEO plugin v27.3 - https:\/\/yoast.com\/product\/yoast-seo-wordpress\/ -->\n<title>Sci di fondo - Nordic Arena Dobbiaco<\/title>\n<meta name=\"robots\" content=\"index, follow, max-snippet:-1, max-image-preview:large, max-video-preview:-1\" \/>\n<link rel=\"canonical\" href=\"https:\/\/www.nordicarena-toblach.it\/it\/sci-di-fondo\/\" \/>\n<meta property=\"og:locale\" content=\"it_IT\" \/>\n<meta property=\"og:type\" content=\"article\" \/>\n<meta property=\"og:title\" content=\"Sci di fondo - Nordic Arena Dobbiaco\" \/>\n<meta property=\"og:description\" content=\"Sci di fondo alla Nordic Arena Sci di fondo a Dobbiaco: un\u2019eccellenzaDedicarsi allo sci di fondo nelle Dolomiti \u00e8 un piacere imperdibile, anche perch\u00e9 si pu\u00f2 contare su un\u00a0servizio professionale\u00a0e competente in ogni ambito. Dalla\u00a0preparazione impeccabile delle piste, alcune anche\u00a0illuminate di sera, agli\u00a0eventi\u00a0anche internazionali, dalle\u00a0scuole sci\u00a0ai\u00a0punti noleggio, lo sci di fondo a Dobbiaco con i [&hellip;]\" \/>\n<meta property=\"og:url\" content=\"https:\/\/www.nordicarena-toblach.it\/it\/sci-di-fondo\/\" \/>\n<meta property=\"og:site_name\" content=\"Nordic Arena Dobbiaco\" \/>\n<meta property=\"article:modified_time\" content=\"2025-11-27T10:21:01+00:00\" \/>\n<meta property=\"og:image\" content=\"https:\/\/www.nordicarena-toblach.it\/wp-content\/uploads\/nordicarena-toblach-dobbiaco-langlaufen-sci-fondo-cross-country-skiing-s1.jpg\" \/>\n\t<meta property=\"og:image:width\" content=\"1000\" \/>\n\t<meta property=\"og:image:height\" content=\"667\" \/>\n\t<meta property=\"og:image:type\" content=\"image\/jpeg\" \/>\n<meta name=\"twitter:card\" content=\"summary_large_image\" \/>\n<meta name=\"twitter:label1\" content=\"Tempo di lettura stimato\" \/>\n\t<meta name=\"twitter:data1\" content=\"3 minuti\" \/>\n<script type=\"application\/ld+json\" class=\"yoast-schema-graph\">{\"@context\":\"https:\\\/\\\/schema.org\",\"@graph\":[{\"@type\":\"WebPage\",\"@id\":\"https:\\\/\\\/www.nordicarena-toblach.it\\\/it\\\/sci-di-fondo\\\/\",\"url\":\"https:\\\/\\\/www.nordicarena-toblach.it\\\/it\\\/sci-di-fondo\\\/\",\"name\":\"Sci di fondo - Nordic Arena Dobbiaco\",\"isPartOf\":{\"@id\":\"https:\\\/\\\/www.nordicarena-toblach.it\\\/#website\"},\"primaryImageOfPage\":{\"@id\":\"https:\\\/\\\/www.nordicarena-toblach.it\\\/it\\\/sci-di-fondo\\\/#primaryimage\"},\"image\":{\"@id\":\"https:\\\/\\\/www.nordicarena-toblach.it\\\/it\\\/sci-di-fondo\\\/#primaryimage\"},\"thumbnailUrl\":\"https:\\\/\\\/www.nordicarena-toblach.it\\\/wp-content\\\/uploads\\\/nordicarena-toblach-dobbiaco-langlaufen-sci-fondo-cross-country-skiing-s1.jpg\",\"datePublished\":\"2024-05-10T07:51:26+00:00\",\"dateModified\":\"2025-11-27T10:21:01+00:00\",\"breadcrumb\":{\"@id\":\"https:\\\/\\\/www.nordicarena-toblach.it\\\/it\\\/sci-di-fondo\\\/#breadcrumb\"},\"inLanguage\":\"it-IT\",\"potentialAction\":[{\"@type\":\"ReadAction\",\"target\":[\"https:\\\/\\\/www.nordicarena-toblach.it\\\/it\\\/sci-di-fondo\\\/\"]}]},{\"@type\":\"ImageObject\",\"inLanguage\":\"it-IT\",\"@id\":\"https:\\\/\\\/www.nordicarena-toblach.it\\\/it\\\/sci-di-fondo\\\/#primaryimage\",\"url\":\"https:\\\/\\\/www.nordicarena-toblach.it\\\/wp-content\\\/uploads\\\/nordicarena-toblach-dobbiaco-langlaufen-sci-fondo-cross-country-skiing-s1.jpg\",\"contentUrl\":\"https:\\\/\\\/www.nordicarena-toblach.it\\\/wp-content\\\/uploads\\\/nordicarena-toblach-dobbiaco-langlaufen-sci-fondo-cross-country-skiing-s1.jpg\"},{\"@type\":\"BreadcrumbList\",\"@id\":\"https:\\\/\\\/www.nordicarena-toblach.it\\\/it\\\/sci-di-fondo\\\/#breadcrumb\",\"itemListElement\":[{\"@type\":\"ListItem\",\"position\":1,\"name\":\"Startseite\",\"item\":\"https:\\\/\\\/www.nordicarena-toblach.it\\\/it\\\/\"},{\"@type\":\"ListItem\",\"position\":2,\"name\":\"Sci di fondo\"}]},{\"@type\":\"WebSite\",\"@id\":\"https:\\\/\\\/www.nordicarena-toblach.it\\\/#website\",\"url\":\"https:\\\/\\\/www.nordicarena-toblach.it\\\/\",\"name\":\"Nordic Arena Toblach Dobbiaco\",\"description\":\"Arrampicata Sci Fondo Ristorante Tennis\",\"publisher\":{\"@id\":\"https:\\\/\\\/www.nordicarena-toblach.it\\\/#organization\"},\"potentialAction\":[{\"@type\":\"SearchAction\",\"target\":{\"@type\":\"EntryPoint\",\"urlTemplate\":\"https:\\\/\\\/www.nordicarena-toblach.it\\\/?s={search_term_string}\"},\"query-input\":{\"@type\":\"PropertyValueSpecification\",\"valueRequired\":true,\"valueName\":\"search_term_string\"}}],\"inLanguage\":\"it-IT\"},{\"@type\":\"Organization\",\"@id\":\"https:\\\/\\\/www.nordicarena-toblach.it\\\/#organization\",\"name\":\"Nordic Arena Toblach Dobbiaco\",\"url\":\"https:\\\/\\\/www.nordicarena-toblach.it\\\/\",\"logo\":{\"@type\":\"ImageObject\",\"inLanguage\":\"it-IT\",\"@id\":\"https:\\\/\\\/www.nordicarena-toblach.it\\\/#\\\/schema\\\/logo\\\/image\\\/\",\"url\":\"https:\\\/\\\/www.nordicarena-toblach.it\\\/wp-content\\\/uploads\\\/nordicarena-logo.svg\",\"contentUrl\":\"https:\\\/\\\/www.nordicarena-toblach.it\\\/wp-content\\\/uploads\\\/nordicarena-logo.svg\",\"width\":193.54,\"height\":52.86,\"caption\":\"Nordic Arena Toblach Dobbiaco\"},\"image\":{\"@id\":\"https:\\\/\\\/www.nordicarena-toblach.it\\\/#\\\/schema\\\/logo\\\/image\\\/\"}}]}<\/script>\n<!-- \/ Yoast SEO plugin. -->","yoast_head_json":{"title":"Sci di fondo - Nordic Arena Dobbiaco","robots":{"index":"index","follow":"follow","max-snippet":"max-snippet:-1","max-image-preview":"max-image-preview:large","max-video-preview":"max-video-preview:-1"},"canonical":"https:\/\/www.nordicarena-toblach.it\/it\/sci-di-fondo\/","og_locale":"it_IT","og_type":"article","og_title":"Sci di fondo - Nordic Arena Dobbiaco","og_description":"Sci di fondo alla Nordic Arena Sci di fondo a Dobbiaco: un\u2019eccellenzaDedicarsi allo sci di fondo nelle Dolomiti \u00e8 un piacere imperdibile, anche perch\u00e9 si pu\u00f2 contare su un\u00a0servizio professionale\u00a0e competente in ogni ambito. Dalla\u00a0preparazione impeccabile delle piste, alcune anche\u00a0illuminate di sera, agli\u00a0eventi\u00a0anche internazionali, dalle\u00a0scuole sci\u00a0ai\u00a0punti noleggio, lo sci di fondo a Dobbiaco con i [&hellip;]","og_url":"https:\/\/www.nordicarena-toblach.it\/it\/sci-di-fondo\/","og_site_name":"Nordic Arena Dobbiaco","article_modified_time":"2025-11-27T10:21:01+00:00","og_image":[{"width":1000,"height":667,"url":"https:\/\/www.nordicarena-toblach.it\/wp-content\/uploads\/nordicarena-toblach-dobbiaco-langlaufen-sci-fondo-cross-country-skiing-s1.jpg","type":"image\/jpeg"}],"twitter_card":"summary_large_image","twitter_misc":{"Tempo di lettura stimato":"3 minuti"},"schema":{"@context":"https:\/\/schema.org","@graph":[{"@type":"WebPage","@id":"https:\/\/www.nordicarena-toblach.it\/it\/sci-di-fondo\/","url":"https:\/\/www.nordicarena-toblach.it\/it\/sci-di-fondo\/","name":"Sci di fondo - Nordic Arena Dobbiaco","isPartOf":{"@id":"https:\/\/www.nordicarena-toblach.it\/#website"},"primaryImageOfPage":{"@id":"https:\/\/www.nordicarena-toblach.it\/it\/sci-di-fondo\/#primaryimage"},"image":{"@id":"https:\/\/www.nordicarena-toblach.it\/it\/sci-di-fondo\/#primaryimage"},"thumbnailUrl":"https:\/\/www.nordicarena-toblach.it\/wp-content\/uploads\/nordicarena-toblach-dobbiaco-langlaufen-sci-fondo-cross-country-skiing-s1.jpg","datePublished":"2024-05-10T07:51:26+00:00","dateModified":"2025-11-27T10:21:01+00:00","breadcrumb":{"@id":"https:\/\/www.nordicarena-toblach.it\/it\/sci-di-fondo\/#breadcrumb"},"inLanguage":"it-IT","potentialAction":[{"@type":"ReadAction","target":["https:\/\/www.nordicarena-toblach.it\/it\/sci-di-fondo\/"]}]},{"@type":"ImageObject","inLanguage":"it-IT","@id":"https:\/\/www.nordicarena-toblach.it\/it\/sci-di-fondo\/#primaryimage","url":"https:\/\/www.nordicarena-toblach.it\/wp-content\/uploads\/nordicarena-toblach-dobbiaco-langlaufen-sci-fondo-cross-country-skiing-s1.jpg","contentUrl":"https:\/\/www.nordicarena-toblach.it\/wp-content\/uploads\/nordicarena-toblach-dobbiaco-langlaufen-sci-fondo-cross-country-skiing-s1.jpg"},{"@type":"BreadcrumbList","@id":"https:\/\/www.nordicarena-toblach.it\/it\/sci-di-fondo\/#breadcrumb","itemListElement":[{"@type":"ListItem","position":1,"name":"Startseite","item":"https:\/\/www.nordicarena-toblach.it\/it\/"},{"@type":"ListItem","position":2,"name":"Sci di fondo"}]},{"@type":"WebSite","@id":"https:\/\/www.nordicarena-toblach.it\/#website","url":"https:\/\/www.nordicarena-toblach.it\/","name":"Nordic Arena Toblach Dobbiaco","description":"Arrampicata Sci Fondo Ristorante Tennis","publisher":{"@id":"https:\/\/www.nordicarena-toblach.it\/#organization"},"potentialAction":[{"@type":"SearchAction","target":{"@type":"EntryPoint","urlTemplate":"https:\/\/www.nordicarena-toblach.it\/?s={search_term_string}"},"query-input":{"@type":"PropertyValueSpecification","valueRequired":true,"valueName":"search_term_string"}}],"inLanguage":"it-IT"},{"@type":"Organization","@id":"https:\/\/www.nordicarena-toblach.it\/#organization","name":"Nordic Arena Toblach Dobbiaco","url":"https:\/\/www.nordicarena-toblach.it\/","logo":{"@type":"ImageObject","inLanguage":"it-IT","@id":"https:\/\/www.nordicarena-toblach.it\/#\/schema\/logo\/image\/","url":"https:\/\/www.nordicarena-toblach.it\/wp-content\/uploads\/nordicarena-logo.svg","contentUrl":"https:\/\/www.nordicarena-toblach.it\/wp-content\/uploads\/nordicarena-logo.svg","width":193.54,"height":52.86,"caption":"Nordic Arena Toblach Dobbiaco"},"image":{"@id":"https:\/\/www.nordicarena-toblach.it\/#\/schema\/logo\/image\/"}}]}},"_links":{"self":[{"href":"https:\/\/www.nordicarena-toblach.it\/it\/wp-json\/wp\/v2\/pages\/1513","targetHints":{"allow":["GET"]}}],"collection":[{"href":"https:\/\/www.nordicarena-toblach.it\/it\/wp-json\/wp\/v2\/pages"}],"about":[{"href":"https:\/\/www.nordicarena-toblach.it\/it\/wp-json\/wp\/v2\/types\/page"}],"author":[{"embeddable":true,"href":"https:\/\/www.nordicarena-toblach.it\/it\/wp-json\/wp\/v2\/users\/1"}],"replies":[{"embeddable":true,"href":"https:\/\/www.nordicarena-toblach.it\/it\/wp-json\/wp\/v2\/comments?post=1513"}],"version-history":[{"count":5,"href":"https:\/\/www.nordicarena-toblach.it\/it\/wp-json\/wp\/v2\/pages\/1513\/revisions"}],"predecessor-version":[{"id":2387,"href":"https:\/\/www.nordicarena-toblach.it\/it\/wp-json\/wp\/v2\/pages\/1513\/revisions\/2387"}],"wp:attachment":[{"href":"https:\/\/www.nordicarena-toblach.it\/it\/wp-json\/wp\/v2\/media?parent=1513"}],"curies":[{"name":"wp","href":"https:\/\/api.w.org\/{rel}","templated":true}]}}