{"id":1512,"date":"2024-05-29T14:27:41","date_gmt":"2024-05-29T12:27:41","guid":{"rendered":"https:\/\/www.nordicarena-toblach.it\/impressum\/"},"modified":"2024-06-05T15:29:32","modified_gmt":"2024-06-05T13:29:32","slug":"impressum","status":"publish","type":"page","link":"https:\/\/www.nordicarena-toblach.it\/it\/impressum\/","title":{"rendered":"Impressum"},"content":{"rendered":"\t\t<div data-elementor-type=\"wp-page\" data-elementor-id=\"1512\" class=\"elementor elementor-1512\">\n\t\t\t\t<div class=\"elementor-element elementor-element-27129aa9 e-flex e-con-boxed e-con e-parent\" data-id=\"27129aa9\" data-element_type=\"container\" data-e-type=\"container\">\n\t\t\t\t\t<div class=\"e-con-inner\">\n\t\t\t\t<div class=\"elementor-element elementor-element-154d8ffa elementor-mobile-align-left elementor-align-left elementor-widget elementor-widget-raven-heading\" data-id=\"154d8ffa\" data-element_type=\"widget\" data-e-type=\"widget\" data-widget_type=\"raven-heading.default\">\n\t\t\t\t<div class=\"elementor-widget-container\">\n\t\t\t\t\t\t\t<div class=\"raven-widget-wrapper\"><h2 class=\"raven-heading raven-heading-h2\"><span class=\"raven-heading-title \">impressum<\/span><\/h2><\/div>\n\t\t\t\t\t\t<\/div>\n\t\t\t\t<\/div>\n\t\t\t\t\t<\/div>\n\t\t\t\t<\/div>\n\t\t<div class=\"elementor-element elementor-element-7a965fad e-flex e-con-boxed e-con e-parent\" data-id=\"7a965fad\" data-element_type=\"container\" data-e-type=\"container\">\n\t\t\t\t\t<div class=\"e-con-inner\">\n\t\t\t\t<div class=\"elementor-element elementor-element-1ef8215f elementor-widget__width-initial elementor-widget elementor-widget-text-editor\" data-id=\"1ef8215f\" data-element_type=\"widget\" data-e-type=\"widget\" data-widget_type=\"text-editor.default\">\n\t\t\t\t<div class=\"elementor-widget-container\">\n\t\t\t\t\t\t\t\t\t<p><strong>Proprietario e responsabile per il contenuto:<br \/><\/strong>Tourismus Toblach srl<br \/>Via Lago 16, 39034 Dobbiaco (BZ)<br \/>T +39 0474 972132<br \/><a href=\"mailto:info@nordicarena-toblach.it\">info@nordicarena-toblach.it<\/a><br \/><a href=\"http:\/\/www.nordicarena-toblach.it\">www.nordicarena-toblach.it<\/a><\/p><p>Part.IVA: 02617990219<br \/>Codice dest.: SUBM70N<\/p><p><strong>Materiale fotografico:<\/strong><br \/>Archivio, Tourist Info Dobbiaco, Wisthaler Harald<\/p><p><strong>Avviso di responsabilit\u00e0:<\/strong><br \/>I marchi e le societ\u00e0 citate su questo sito sono di propriet\u00e0 del apposito titolare.<br \/>Nonostante l\u2019attento controllo dei contenuti, non assumiamo nessuna responsabilit\u00e0 per i contenuti relativi a link esterni. Sono responsabili per il contenuto delle pagine collegate esclusivamente i gestori delle pagine stesse.<\/p>\t\t\t\t\t\t\t\t<\/div>\n\t\t\t\t<\/div>\n\t\t\t\t<div class=\"elementor-element elementor-element-fbaf225 elementor-widget__width-initial elementor-widget elementor-widget-text-editor\" data-id=\"fbaf225\" data-element_type=\"widget\" data-e-type=\"widget\" data-widget_type=\"text-editor.default\">\n\t\t\t\t<div class=\"elementor-widget-container\">\n\t\t\t\t\t\t\t\t\t<p><strong>Realizzazione, Concetto &amp; Design:<br \/><\/strong>Fuchsdesign<br \/>Via Dolomiti 25a, 39034 Dobbiaco<br \/>Alto Adige \u2013 Italia<br \/>Tel +39 0474 979 048<br \/><a href=\"mailto:info@fuchsdesign.it\">info@fuchsdesign.it<\/a><br \/><a class=\"external-link-new-window\" title=\"Opens external link in new window\" href=\"http:\/\/www.fuchsdesign.it\/\" target=\"_blank\" rel=\"noopener noreferrer\">www.fuchsdesign.it<\/a><\/p><p><strong>Informazione obbligatoria ai sensi del Regolamento UE n. 524\/2016 del Parlamento europeo e del Consiglio<\/strong><br \/><a href=\"https:\/\/ec.europa.eu\/consumers\/odr\/\" target=\"_blank\" rel=\"noopener\">Piattaforma per la risoluzione delle controversie online<\/a>\u00a0dei consumatori (ODR) della Commissione europea.<\/p>\t\t\t\t\t\t\t\t<\/div>\n\t\t\t\t<\/div>\n\t\t\t\t\t<\/div>\n\t\t\t\t<\/div>\n\t\t\t\t<\/div>\n\t\t","protected":false},"excerpt":{"rendered":"<p>impressum Proprietario e responsabile per il contenuto:Tourismus Toblach srlVia Lago 16, 39034 Dobbiaco (BZ)T +39 0474 972132info@nordicarena-toblach.itwww.nordicarena-toblach.it Part.IVA: 02617990219Codice dest.: SUBM70N Materiale fotografico:Archivio, Tourist Info Dobbiaco, Wisthaler Harald Avviso di responsabilit\u00e0:I marchi e le societ\u00e0 citate su questo sito sono di propriet\u00e0 del apposito titolare.Nonostante l\u2019attento controllo dei contenuti, non assumiamo nessuna responsabilit\u00e0 per i [&hellip;]<\/p>\n","protected":false},"author":1,"featured_media":0,"parent":0,"menu_order":0,"comment_status":"closed","ping_status":"closed","template":"elementor_header_footer","meta":{"_acf_changed":false,"footnotes":""},"class_list":["post-1512","page","type-page","status-publish","hentry"],"acf":[],"yoast_head":"<!-- This site is optimized with the Yoast SEO plugin v27.5 - https:\/\/yoast.com\/product\/yoast-seo-wordpress\/ -->\n<title>Impressum - Nordic Arena Dobbiaco<\/title>\n<meta name=\"robots\" content=\"index, follow, max-snippet:-1, max-image-preview:large, max-video-preview:-1\" \/>\n<link rel=\"canonical\" href=\"https:\/\/www.nordicarena-toblach.it\/it\/impressum\/\" \/>\n<meta property=\"og:locale\" content=\"it_IT\" \/>\n<meta property=\"og:type\" content=\"article\" \/>\n<meta property=\"og:title\" content=\"Impressum - Nordic Arena Dobbiaco\" \/>\n<meta property=\"og:description\" content=\"impressum Proprietario e responsabile per il contenuto:Tourismus Toblach srlVia Lago 16, 39034 Dobbiaco (BZ)T +39 0474 972132info@nordicarena-toblach.itwww.nordicarena-toblach.it Part.IVA: 02617990219Codice dest.: SUBM70N Materiale fotografico:Archivio, Tourist Info Dobbiaco, Wisthaler Harald Avviso di responsabilit\u00e0:I marchi e le societ\u00e0 citate su questo sito sono di propriet\u00e0 del apposito titolare.Nonostante l\u2019attento controllo dei contenuti, non assumiamo nessuna responsabilit\u00e0 per i [&hellip;]\" \/>\n<meta property=\"og:url\" content=\"https:\/\/www.nordicarena-toblach.it\/it\/impressum\/\" \/>\n<meta property=\"og:site_name\" content=\"Nordic Arena Dobbiaco\" \/>\n<meta property=\"article:modified_time\" content=\"2024-06-05T13:29:32+00:00\" \/>\n<meta name=\"twitter:card\" content=\"summary_large_image\" \/>\n<meta name=\"twitter:label1\" content=\"Tempo di lettura stimato\" \/>\n\t<meta name=\"twitter:data1\" content=\"1 minuto\" \/>\n<script type=\"application\/ld+json\" class=\"yoast-schema-graph\">{\"@context\":\"https:\\\/\\\/schema.org\",\"@graph\":[{\"@type\":\"WebPage\",\"@id\":\"https:\\\/\\\/www.nordicarena-toblach.it\\\/it\\\/impressum\\\/\",\"url\":\"https:\\\/\\\/www.nordicarena-toblach.it\\\/it\\\/impressum\\\/\",\"name\":\"Impressum - Nordic Arena Dobbiaco\",\"isPartOf\":{\"@id\":\"https:\\\/\\\/www.nordicarena-toblach.it\\\/#website\"},\"datePublished\":\"2024-05-29T12:27:41+00:00\",\"dateModified\":\"2024-06-05T13:29:32+00:00\",\"breadcrumb\":{\"@id\":\"https:\\\/\\\/www.nordicarena-toblach.it\\\/it\\\/impressum\\\/#breadcrumb\"},\"inLanguage\":\"it-IT\",\"potentialAction\":[{\"@type\":\"ReadAction\",\"target\":[\"https:\\\/\\\/www.nordicarena-toblach.it\\\/it\\\/impressum\\\/\"]}]},{\"@type\":\"BreadcrumbList\",\"@id\":\"https:\\\/\\\/www.nordicarena-toblach.it\\\/it\\\/impressum\\\/#breadcrumb\",\"itemListElement\":[{\"@type\":\"ListItem\",\"position\":1,\"name\":\"Startseite\",\"item\":\"https:\\\/\\\/www.nordicarena-toblach.it\\\/it\\\/\"},{\"@type\":\"ListItem\",\"position\":2,\"name\":\"Impressum\"}]},{\"@type\":\"WebSite\",\"@id\":\"https:\\\/\\\/www.nordicarena-toblach.it\\\/#website\",\"url\":\"https:\\\/\\\/www.nordicarena-toblach.it\\\/\",\"name\":\"Nordic Arena Toblach Dobbiaco\",\"description\":\"Arrampicata Sci Fondo Ristorante Tennis\",\"publisher\":{\"@id\":\"https:\\\/\\\/www.nordicarena-toblach.it\\\/#organization\"},\"potentialAction\":[{\"@type\":\"SearchAction\",\"target\":{\"@type\":\"EntryPoint\",\"urlTemplate\":\"https:\\\/\\\/www.nordicarena-toblach.it\\\/?s={search_term_string}\"},\"query-input\":{\"@type\":\"PropertyValueSpecification\",\"valueRequired\":true,\"valueName\":\"search_term_string\"}}],\"inLanguage\":\"it-IT\"},{\"@type\":\"Organization\",\"@id\":\"https:\\\/\\\/www.nordicarena-toblach.it\\\/#organization\",\"name\":\"Nordic Arena Toblach Dobbiaco\",\"url\":\"https:\\\/\\\/www.nordicarena-toblach.it\\\/\",\"logo\":{\"@type\":\"ImageObject\",\"inLanguage\":\"it-IT\",\"@id\":\"https:\\\/\\\/www.nordicarena-toblach.it\\\/#\\\/schema\\\/logo\\\/image\\\/\",\"url\":\"https:\\\/\\\/www.nordicarena-toblach.it\\\/wp-content\\\/uploads\\\/nordicarena-logo.svg\",\"contentUrl\":\"https:\\\/\\\/www.nordicarena-toblach.it\\\/wp-content\\\/uploads\\\/nordicarena-logo.svg\",\"width\":193.54,\"height\":52.86,\"caption\":\"Nordic Arena Toblach Dobbiaco\"},\"image\":{\"@id\":\"https:\\\/\\\/www.nordicarena-toblach.it\\\/#\\\/schema\\\/logo\\\/image\\\/\"}}]}<\/script>\n<!-- \/ Yoast SEO plugin. -->","yoast_head_json":{"title":"Impressum - Nordic Arena Dobbiaco","robots":{"index":"index","follow":"follow","max-snippet":"max-snippet:-1","max-image-preview":"max-image-preview:large","max-video-preview":"max-video-preview:-1"},"canonical":"https:\/\/www.nordicarena-toblach.it\/it\/impressum\/","og_locale":"it_IT","og_type":"article","og_title":"Impressum - Nordic Arena Dobbiaco","og_description":"impressum Proprietario e responsabile per il contenuto:Tourismus Toblach srlVia Lago 16, 39034 Dobbiaco (BZ)T +39 0474 972132info@nordicarena-toblach.itwww.nordicarena-toblach.it Part.IVA: 02617990219Codice dest.: SUBM70N Materiale fotografico:Archivio, Tourist Info Dobbiaco, Wisthaler Harald Avviso di responsabilit\u00e0:I marchi e le societ\u00e0 citate su questo sito sono di propriet\u00e0 del apposito titolare.Nonostante l\u2019attento controllo dei contenuti, non assumiamo nessuna responsabilit\u00e0 per i [&hellip;]","og_url":"https:\/\/www.nordicarena-toblach.it\/it\/impressum\/","og_site_name":"Nordic Arena Dobbiaco","article_modified_time":"2024-06-05T13:29:32+00:00","twitter_card":"summary_large_image","twitter_misc":{"Tempo di lettura stimato":"1 minuto"},"schema":{"@context":"https:\/\/schema.org","@graph":[{"@type":"WebPage","@id":"https:\/\/www.nordicarena-toblach.it\/it\/impressum\/","url":"https:\/\/www.nordicarena-toblach.it\/it\/impressum\/","name":"Impressum - Nordic Arena Dobbiaco","isPartOf":{"@id":"https:\/\/www.nordicarena-toblach.it\/#website"},"datePublished":"2024-05-29T12:27:41+00:00","dateModified":"2024-06-05T13:29:32+00:00","breadcrumb":{"@id":"https:\/\/www.nordicarena-toblach.it\/it\/impressum\/#breadcrumb"},"inLanguage":"it-IT","potentialAction":[{"@type":"ReadAction","target":["https:\/\/www.nordicarena-toblach.it\/it\/impressum\/"]}]},{"@type":"BreadcrumbList","@id":"https:\/\/www.nordicarena-toblach.it\/it\/impressum\/#breadcrumb","itemListElement":[{"@type":"ListItem","position":1,"name":"Startseite","item":"https:\/\/www.nordicarena-toblach.it\/it\/"},{"@type":"ListItem","position":2,"name":"Impressum"}]},{"@type":"WebSite","@id":"https:\/\/www.nordicarena-toblach.it\/#website","url":"https:\/\/www.nordicarena-toblach.it\/","name":"Nordic Arena Toblach Dobbiaco","description":"Arrampicata Sci Fondo Ristorante Tennis","publisher":{"@id":"https:\/\/www.nordicarena-toblach.it\/#organization"},"potentialAction":[{"@type":"SearchAction","target":{"@type":"EntryPoint","urlTemplate":"https:\/\/www.nordicarena-toblach.it\/?s={search_term_string}"},"query-input":{"@type":"PropertyValueSpecification","valueRequired":true,"valueName":"search_term_string"}}],"inLanguage":"it-IT"},{"@type":"Organization","@id":"https:\/\/www.nordicarena-toblach.it\/#organization","name":"Nordic Arena Toblach Dobbiaco","url":"https:\/\/www.nordicarena-toblach.it\/","logo":{"@type":"ImageObject","inLanguage":"it-IT","@id":"https:\/\/www.nordicarena-toblach.it\/#\/schema\/logo\/image\/","url":"https:\/\/www.nordicarena-toblach.it\/wp-content\/uploads\/nordicarena-logo.svg","contentUrl":"https:\/\/www.nordicarena-toblach.it\/wp-content\/uploads\/nordicarena-logo.svg","width":193.54,"height":52.86,"caption":"Nordic Arena Toblach Dobbiaco"},"image":{"@id":"https:\/\/www.nordicarena-toblach.it\/#\/schema\/logo\/image\/"}}]}},"_links":{"self":[{"href":"https:\/\/www.nordicarena-toblach.it\/it\/wp-json\/wp\/v2\/pages\/1512","targetHints":{"allow":["GET"]}}],"collection":[{"href":"https:\/\/www.nordicarena-toblach.it\/it\/wp-json\/wp\/v2\/pages"}],"about":[{"href":"https:\/\/www.nordicarena-toblach.it\/it\/wp-json\/wp\/v2\/types\/page"}],"author":[{"embeddable":true,"href":"https:\/\/www.nordicarena-toblach.it\/it\/wp-json\/wp\/v2\/users\/1"}],"replies":[{"embeddable":true,"href":"https:\/\/www.nordicarena-toblach.it\/it\/wp-json\/wp\/v2\/comments?post=1512"}],"version-history":[{"count":0,"href":"https:\/\/www.nordicarena-toblach.it\/it\/wp-json\/wp\/v2\/pages\/1512\/revisions"}],"wp:attachment":[{"href":"https:\/\/www.nordicarena-toblach.it\/it\/wp-json\/wp\/v2\/media?parent=1512"}],"curies":[{"name":"wp","href":"https:\/\/api.w.org\/{rel}","templated":true}]}}